{"id":1169,"date":"2021-01-13T11:04:19","date_gmt":"2021-01-13T10:04:19","guid":{"rendered":"https:\/\/wordpress.lechneramsee.de\/?page_id=1169"},"modified":"2021-01-18T12:26:21","modified_gmt":"2021-01-18T11:26:21","slug":"events","status":"publish","type":"page","link":"https:\/\/lechneramsee.de\/en\/events\/","title":{"rendered":"Events"},"content":{"rendered":"<div id='full_slider_1'  class='avia-fullwidth-slider main_color avia-shadow   avia-builder-el-0  el_before_av_section  avia-builder-el-first   container_wrap fullsize'  >\n<style type=\"text\/css\" data-created_by=\"avia_inline_auto\" id=\"style-css-av-por1y-78ad49dfb378fe3c814ba561fb81bf00\">\n#top #wrap_all .avia-slideshow .av-slideshow-caption.av-por1y-78ad49dfb378fe3c814ba561fb81bf00__0 .avia-caption-title{\nfont-size:40px;\n}\n<\/style>\n<div  class='avia-slideshow av-por1y-78ad49dfb378fe3c814ba561fb81bf00 avia-slideshow-featured av_slideshow_full avia-fade-slider av-slideshow-ui av-control-minimal av-slideshow-autoplay av-loop-endless av-loop-manual-endless av-default-height-applied   avia-slideshow-1' data-slideshow-options=\"{&quot;animation&quot;:&quot;fade&quot;,&quot;autoplay&quot;:true,&quot;loop_autoplay&quot;:&quot;endless&quot;,&quot;interval&quot;:5,&quot;loop_manual&quot;:&quot;manual-endless&quot;,&quot;autoplay_stopper&quot;:false,&quot;noNavigation&quot;:false,&quot;bg_slider&quot;:false,&quot;keep_padding&quot;:false,&quot;hoverpause&quot;:false,&quot;show_slide_delay&quot;:0}\"  itemprop=\"image\" itemscope=\"itemscope\" itemtype=\"https:\/\/schema.org\/ImageObject\" ><ul class='avia-slideshow-inner ' style='padding-bottom: 28.666666666667%;'><li  class='avia-slideshow-slide av-por1y-78ad49dfb378fe3c814ba561fb81bf00__0  av-single-slide slide-1 slide-odd'><div data-rel='slideshow-1' class='avia-slide-wrap '   ><img decoding=\"async\" fetchpriority=\"high\" class=\"wp-image-1014 avia-img-lazy-loading-not-1014\"  src=\"https:\/\/lechneramsee.de\/wp-content\/uploads\/2020\/06\/veranstaltungen-1500x430.jpg\" width=\"1500\" height=\"430\" title='Veranstaltungen' alt='Veranstaltungen'  itemprop=\"thumbnailUrl\"   \/><\/div><\/li><\/ul><\/div><\/div>\n\n<style type=\"text\/css\" data-created_by=\"avia_inline_auto\" id=\"style-css-av-90zjre-7d3bffe00940e516a20c220789552ecd\">\n.avia-section.av-90zjre-7d3bffe00940e516a20c220789552ecd{\nbackground-repeat:repeat;\nbackground-image:url(https:\/\/lechneramsee.de\/wp-content\/uploads\/2020\/05\/textur-sand-heller-400x359.jpg);\nbackground-position:50% 100%;\nbackground-attachment:scroll;\n}\n<\/style>\n<div id='av_section_1'  class='avia-section av-90zjre-7d3bffe00940e516a20c220789552ecd main_color avia-section-default avia-no-border-styling  avia-builder-el-1  el_after_av_slideshow_full  el_before_av_section  avia-bg-style-scroll container_wrap fullsize'  data-section-bg-repeat='repeat'><div class='container av-section-cont-open' ><div class='template-page content  av-content-full alpha units'><div class='post-entry post-entry-type-page post-entry-1169'><div class='entry-content-wrapper clearfix'>\n\n<style type=\"text\/css\" data-created_by=\"avia_inline_auto\" id=\"style-css-av-kjv968u2-33cc1abb9e3f47e4e2e558787c5ec02d\">\n#top .av-special-heading.av-kjv968u2-33cc1abb9e3f47e4e2e558787c5ec02d{\npadding-bottom:20px;\nfont-size:40px;\n}\nbody .av-special-heading.av-kjv968u2-33cc1abb9e3f47e4e2e558787c5ec02d .av-special-heading-tag .heading-char{\nfont-size:25px;\n}\n#top #wrap_all .av-special-heading.av-kjv968u2-33cc1abb9e3f47e4e2e558787c5ec02d .av-special-heading-tag{\nfont-size:40px;\n}\n.av-special-heading.av-kjv968u2-33cc1abb9e3f47e4e2e558787c5ec02d .av-subheading{\nfont-size:15px;\n}\n\n@media only screen and (min-width: 480px) and (max-width: 767px){ \n#top #wrap_all .av-special-heading.av-kjv968u2-33cc1abb9e3f47e4e2e558787c5ec02d .av-special-heading-tag{\nfont-size:0.8em;\n}\n}\n\n@media only screen and (max-width: 479px){ \n#top #wrap_all .av-special-heading.av-kjv968u2-33cc1abb9e3f47e4e2e558787c5ec02d .av-special-heading-tag{\nfont-size:0.8em;\n}\n}\n<\/style>\n<div  class='av-special-heading av-kjv968u2-33cc1abb9e3f47e4e2e558787c5ec02d av-special-heading-h1 blockquote modern-quote modern-centered  avia-builder-el-2  el_before_av_one_fifth  avia-builder-el-first  av-inherit-size'><h1 class='av-special-heading-tag '  itemprop=\"headline\"  >Events<\/h1><div class=\"special-heading-border\"><div class=\"special-heading-inner-border\"><\/div><\/div><\/div>\n\n<style type=\"text\/css\" data-created_by=\"avia_inline_auto\" id=\"style-css-av-8nz5vm-51a45fa46f3cf9e2bb39f452c768b7b4\">\n.flex_column.av-8nz5vm-51a45fa46f3cf9e2bb39f452c768b7b4{\nborder-radius:0px 0px 0px 0px;\npadding:0px 0px 0px 0px;\n}\n<\/style>\n<div  class='flex_column av-8nz5vm-51a45fa46f3cf9e2bb39f452c768b7b4 av_one_fifth  avia-builder-el-3  el_after_av_heading  el_before_av_three_fifth  first flex_column_div av-zero-column-padding  '     ><\/div>\n<style type=\"text\/css\" data-created_by=\"avia_inline_auto\" id=\"style-css-av-8jsofu-55058c78c15d291b07e6cf9eeb65dd81\">\n.flex_column.av-8jsofu-55058c78c15d291b07e6cf9eeb65dd81{\nborder-radius:0px 0px 0px 0px;\npadding:0px 0px 0px 0px;\n}\n<\/style>\n<div  class='flex_column av-8jsofu-55058c78c15d291b07e6cf9eeb65dd81 av_three_fifth  avia-builder-el-4  el_after_av_one_fifth  el_before_av_one_fifth  flex_column_div av-animated-generic pop-up av-zero-column-padding  '     ><p>\n<style type=\"text\/css\" data-created_by=\"avia_inline_auto\" id=\"style-css-av-5te07q-bd1d4d70d4d7ab0e37e14efc60b2449c\">\n#top .hr.av-5te07q-bd1d4d70d4d7ab0e37e14efc60b2449c{\nmargin-top:5px;\nmargin-bottom:25px;\n}\n.hr.av-5te07q-bd1d4d70d4d7ab0e37e14efc60b2449c .hr-inner{\nwidth:60px;\nborder-color:#590308;\nmax-width:45%;\n}\n.hr.av-5te07q-bd1d4d70d4d7ab0e37e14efc60b2449c .av-seperator-icon{\ncolor:#590308;\n}\n.hr.av-5te07q-bd1d4d70d4d7ab0e37e14efc60b2449c .av-seperator-icon.avia-svg-icon svg:first-child{\nfill:#590308;\nstroke:#590308;\n}\n<\/style>\n<div  class='hr av-5te07q-bd1d4d70d4d7ab0e37e14efc60b2449c hr-custom  avia-builder-el-5  el_before_av_textblock  avia-builder-el-first  hr-center hr-icon-yes'><span class='hr-inner inner-border-av-border-thin'><span class=\"hr-inner-style\"><\/span><\/span><span class='av-seperator-icon avia-iconfont avia-font-lechner' data-av_icon='\ue801' data-av_iconfont='lechner' ><\/span><span class='hr-inner inner-border-av-border-thin'><span class=\"hr-inner-style\"><\/span><\/span><\/div><br \/>\n\n<style type=\"text\/css\" data-created_by=\"avia_inline_auto\" id=\"style-css-av-8eehp6-f35ed23d44b53a21e3ac8d789aeb2a97\">\n#top .av_textblock_section.av-8eehp6-f35ed23d44b53a21e3ac8d789aeb2a97 .avia_textblock{\nfont-size:23px;\n}\n<\/style>\n<section  class='av_textblock_section av-8eehp6-f35ed23d44b53a21e3ac8d789aeb2a97 '   itemscope=\"itemscope\" itemtype=\"https:\/\/schema.org\/CreativeWork\" ><div class='avia_textblock'  itemprop=\"text\" ><p style=\"text-align: center;\">Deep connection to the homeland &#8211; lived customs&#8230;<\/p>\n<\/div><\/section><\/p><\/div>\n<style type=\"text\/css\" data-created_by=\"avia_inline_auto\" id=\"style-css-av-80v0be-cfa49649afbe74a56f97589406bb1e3f\">\n.flex_column.av-80v0be-cfa49649afbe74a56f97589406bb1e3f{\nborder-radius:0px 0px 0px 0px;\npadding:0px 0px 0px 0px;\n}\n<\/style>\n<div  class='flex_column av-80v0be-cfa49649afbe74a56f97589406bb1e3f av_one_fifth  avia-builder-el-7  el_after_av_three_fifth  avia-builder-el-last  flex_column_div av-zero-column-padding  '     ><\/div>\n\n<\/div><\/div><\/div><!-- close content main div --><\/div><\/div>\n<style type=\"text\/css\" data-created_by=\"avia_inline_auto\" id=\"style-css-av-7tq66a-5bfd07de9483021a504236ad00402c7d\">\n.avia-section.av-7tq66a-5bfd07de9483021a504236ad00402c7d{\nbackground-color:#ffffff;\nbackground-image:unset;\n}\n<\/style>\n<div id='av_section_2'  class='avia-section av-7tq66a-5bfd07de9483021a504236ad00402c7d main_color avia-section-huge avia-no-border-styling  avia-builder-el-8  el_after_av_section  avia-builder-el-last  avia-bg-style-scroll container_wrap fullsize'  ><div class='container av-section-cont-open' ><div class='template-page content  av-content-full alpha units'><div class='post-entry post-entry-type-page post-entry-1169'><div class='entry-content-wrapper clearfix'>\n\n<style type=\"text\/css\" data-created_by=\"avia_inline_auto\" id=\"style-css-av-7nw8ay-a42b2004fc93a31f35c16e681cacdfc4\">\n.flex_column.av-7nw8ay-a42b2004fc93a31f35c16e681cacdfc4{\nborder-radius:0px 0px 0px 0px;\npadding:0px 0px 0px 0px;\n}\n<\/style>\n<div  class='flex_column av-7nw8ay-a42b2004fc93a31f35c16e681cacdfc4 av_one_half  avia-builder-el-9  el_before_av_one_half  avia-builder-el-first  first flex_column_div av-animated-generic bottom-to-top av-zero-column-padding  '     ><p>\n<style type=\"text\/css\" data-created_by=\"avia_inline_auto\" id=\"style-css-av-av_heading-0ae8e45135d83cf1472fb8c2066f1464\">\n#top .av-special-heading.av-av_heading-0ae8e45135d83cf1472fb8c2066f1464{\npadding-bottom:10px;\n}\nbody .av-special-heading.av-av_heading-0ae8e45135d83cf1472fb8c2066f1464 .av-special-heading-tag .heading-char{\nfont-size:25px;\n}\n.av-special-heading.av-av_heading-0ae8e45135d83cf1472fb8c2066f1464 .av-subheading{\nfont-size:15px;\n}\n<\/style>\n<div  class='av-special-heading av-av_heading-0ae8e45135d83cf1472fb8c2066f1464 av-special-heading-h2 blockquote modern-quote  avia-builder-el-10  el_before_av_textblock  avia-builder-el-first '><h2 class='av-special-heading-tag '  itemprop=\"headline\"  >Bavarian conviviality<\/h2><div class=\"special-heading-border\"><div class=\"special-heading-inner-border\"><\/div><\/div><\/div><br \/>\n<section  class='av_textblock_section av-8eehp6-b4526a53004e0d41b9ec587804af1014 '   itemscope=\"itemscope\" itemtype=\"https:\/\/schema.org\/CreativeWork\" ><div class='avia_textblock'  itemprop=\"text\" ><p>Throughout the year, old traditions are cultivated in a contemplative way. Venerable traditional festivals such as the Alt-Schlierseer Kirchtag, the Corpus Christi procession, the Leonhardifahrt from Schliersee to Fischhausen, are just a few highlights from the cultural course of the year. In addition, the partly listed buildings are cherished and preserved.<\/p>\n<p>Particularly worthy of mention are the Schliersee churches of St. Sixtus, St. Martin, St. Leonhard and St. George&#8217;s Chapel on the vineyard, as well as the historic town hall, the local history museum and the Schliersee farmer&#8217;s theater.<\/p>\n<\/div><\/section><\/p><\/div>\n<style type=\"text\/css\" data-created_by=\"avia_inline_auto\" id=\"style-css-av-78bf9e-1812561bb160276ecbdd640715bea4c6\">\n.flex_column.av-78bf9e-1812561bb160276ecbdd640715bea4c6{\nborder-radius:0px 0px 0px 0px;\npadding:0px 0px 0px 0px;\n}\n<\/style>\n<div  class='flex_column av-78bf9e-1812561bb160276ecbdd640715bea4c6 av_one_half  avia-builder-el-12  el_after_av_one_half  el_before_av_hr  flex_column_div av-animated-generic bottom-to-top av-zero-column-padding  '     ><div  class='avia-slideshow av-kbj6i59s-567c18bc2356c55f34d4606a476fa767 avia-slideshow-masonry av_slideshow avia-slide-slider  avia-builder-el-13  avia-builder-el-no-sibling  av-slideshow-ui av-control-default av-slideshow-autoplay av-loop-endless av-loop-manual-endless av-default-height-applied avia-slideshow-2' data-slideshow-options=\"{&quot;animation&quot;:&quot;slide&quot;,&quot;autoplay&quot;:true,&quot;loop_autoplay&quot;:&quot;endless&quot;,&quot;interval&quot;:5,&quot;loop_manual&quot;:&quot;manual-endless&quot;,&quot;autoplay_stopper&quot;:false,&quot;noNavigation&quot;:false,&quot;bg_slider&quot;:false,&quot;keep_padding&quot;:false,&quot;hoverpause&quot;:false,&quot;show_slide_delay&quot;:0}\"  itemprop=\"image\" itemscope=\"itemscope\" itemtype=\"https:\/\/schema.org\/ImageObject\" ><ul class='avia-slideshow-inner ' style='padding-bottom: 66.666666666667%;'><li  class='avia-slideshow-slide av-kbj6i59s-567c18bc2356c55f34d4606a476fa767__0  slide-1 slide-odd'><div data-rel='slideshow-2' class='avia-slide-wrap '   ><img decoding=\"async\" fetchpriority=\"high\" class=\"wp-image-1013 avia-img-lazy-loading-not-1013\"  src=\"https:\/\/lechneramsee.de\/wp-content\/uploads\/2020\/06\/boat-4269033_1920-705x470.jpg\" width=\"705\" height=\"470\" title='Fischer am Schliersee' alt='Fischer am Schliersee'  itemprop=\"thumbnailUrl\" srcset=\"https:\/\/lechneramsee.de\/wp-content\/uploads\/2020\/06\/boat-4269033_1920-705x470.jpg 705w, https:\/\/lechneramsee.de\/wp-content\/uploads\/2020\/06\/boat-4269033_1920-400x267.jpg 400w, https:\/\/lechneramsee.de\/wp-content\/uploads\/2020\/06\/boat-4269033_1920-1500x1000.jpg 1500w, https:\/\/lechneramsee.de\/wp-content\/uploads\/2020\/06\/boat-4269033_1920-768x512.jpg 768w, https:\/\/lechneramsee.de\/wp-content\/uploads\/2020\/06\/boat-4269033_1920-1536x1024.jpg 1536w, https:\/\/lechneramsee.de\/wp-content\/uploads\/2020\/06\/boat-4269033_1920.jpg 1920w\" sizes=\"(max-width: 705px) 100vw, 705px\" \/><\/div><\/li><li  class='avia-slideshow-slide av-kbj6i59s-567c18bc2356c55f34d4606a476fa767__1  slide-2 slide-even'><div data-rel='slideshow-2' class='avia-slide-wrap '   ><img decoding=\"async\" fetchpriority=\"high\" class=\"wp-image-1009 avia-img-lazy-loading-not-1009\"  src=\"https:\/\/lechneramsee.de\/wp-content\/uploads\/2020\/06\/leather-pants-1642770_1920-705x470.jpg\" width=\"705\" height=\"470\" title='Tradition' alt='Tradition'  itemprop=\"thumbnailUrl\" srcset=\"https:\/\/lechneramsee.de\/wp-content\/uploads\/2020\/06\/leather-pants-1642770_1920-705x470.jpg 705w, https:\/\/lechneramsee.de\/wp-content\/uploads\/2020\/06\/leather-pants-1642770_1920-400x267.jpg 400w, https:\/\/lechneramsee.de\/wp-content\/uploads\/2020\/06\/leather-pants-1642770_1920-1500x1000.jpg 1500w, https:\/\/lechneramsee.de\/wp-content\/uploads\/2020\/06\/leather-pants-1642770_1920-768x512.jpg 768w, https:\/\/lechneramsee.de\/wp-content\/uploads\/2020\/06\/leather-pants-1642770_1920-1536x1024.jpg 1536w, https:\/\/lechneramsee.de\/wp-content\/uploads\/2020\/06\/leather-pants-1642770_1920.jpg 1920w\" sizes=\"(max-width: 705px) 100vw, 705px\" \/><\/div><\/li><li  class='avia-slideshow-slide av-kbj6i59s-567c18bc2356c55f34d4606a476fa767__2  slide-3 slide-odd'><div data-rel='slideshow-2' class='avia-slide-wrap '   ><img decoding=\"async\" fetchpriority=\"high\" class=\"wp-image-1006 avia-img-lazy-loading-not-1006\"  src=\"https:\/\/lechneramsee.de\/wp-content\/uploads\/2020\/06\/human-110316_1920-705x470.jpg\" width=\"705\" height=\"470\" title='Waldfest' alt='Waldfest in Schliersee'  itemprop=\"thumbnailUrl\" srcset=\"https:\/\/lechneramsee.de\/wp-content\/uploads\/2020\/06\/human-110316_1920-705x470.jpg 705w, https:\/\/lechneramsee.de\/wp-content\/uploads\/2020\/06\/human-110316_1920-400x267.jpg 400w, https:\/\/lechneramsee.de\/wp-content\/uploads\/2020\/06\/human-110316_1920-1500x1000.jpg 1500w, https:\/\/lechneramsee.de\/wp-content\/uploads\/2020\/06\/human-110316_1920-768x512.jpg 768w, https:\/\/lechneramsee.de\/wp-content\/uploads\/2020\/06\/human-110316_1920-1536x1024.jpg 1536w, https:\/\/lechneramsee.de\/wp-content\/uploads\/2020\/06\/human-110316_1920.jpg 1920w\" sizes=\"(max-width: 705px) 100vw, 705px\" \/><\/div><\/li><li  class='avia-slideshow-slide av-kbj6i59s-567c18bc2356c55f34d4606a476fa767__3  slide-4 slide-even'><div data-rel='slideshow-2' class='avia-slide-wrap '   ><img decoding=\"async\" fetchpriority=\"high\" class=\"wp-image-1010 avia-img-lazy-loading-not-1010\"  src=\"https:\/\/lechneramsee.de\/wp-content\/uploads\/2020\/06\/weisswurst-2577747_1920-705x470.jpg\" width=\"705\" height=\"470\" title='Wei\u00dfwurstfr\u00fchst\u00fcck' alt='Wei\u00dfwurstfr\u00fchst\u00fcck'  itemprop=\"thumbnailUrl\" srcset=\"https:\/\/lechneramsee.de\/wp-content\/uploads\/2020\/06\/weisswurst-2577747_1920-705x470.jpg 705w, https:\/\/lechneramsee.de\/wp-content\/uploads\/2020\/06\/weisswurst-2577747_1920-400x267.jpg 400w, https:\/\/lechneramsee.de\/wp-content\/uploads\/2020\/06\/weisswurst-2577747_1920-1500x1000.jpg 1500w, https:\/\/lechneramsee.de\/wp-content\/uploads\/2020\/06\/weisswurst-2577747_1920-768x512.jpg 768w, https:\/\/lechneramsee.de\/wp-content\/uploads\/2020\/06\/weisswurst-2577747_1920-1536x1024.jpg 1536w, https:\/\/lechneramsee.de\/wp-content\/uploads\/2020\/06\/weisswurst-2577747_1920.jpg 1920w\" sizes=\"(max-width: 705px) 100vw, 705px\" \/><\/div><\/li><li  class='avia-slideshow-slide av-kbj6i59s-567c18bc2356c55f34d4606a476fa767__4  slide-5 slide-odd'><div data-rel='slideshow-2' class='avia-slide-wrap '   ><img decoding=\"async\" fetchpriority=\"high\" class=\"wp-image-1008 avia-img-lazy-loading-not-1008\"  src=\"https:\/\/lechneramsee.de\/wp-content\/uploads\/2020\/06\/farm-3275018_1920-705x470.jpg\" width=\"705\" height=\"470\" title='farm-3275018_1920' alt='Bergwanderungen in Schliersee'  itemprop=\"thumbnailUrl\" srcset=\"https:\/\/lechneramsee.de\/wp-content\/uploads\/2020\/06\/farm-3275018_1920-705x470.jpg 705w, https:\/\/lechneramsee.de\/wp-content\/uploads\/2020\/06\/farm-3275018_1920-400x267.jpg 400w, https:\/\/lechneramsee.de\/wp-content\/uploads\/2020\/06\/farm-3275018_1920-1500x1000.jpg 1500w, https:\/\/lechneramsee.de\/wp-content\/uploads\/2020\/06\/farm-3275018_1920-768x512.jpg 768w, https:\/\/lechneramsee.de\/wp-content\/uploads\/2020\/06\/farm-3275018_1920-1536x1024.jpg 1536w, https:\/\/lechneramsee.de\/wp-content\/uploads\/2020\/06\/farm-3275018_1920.jpg 1920w\" sizes=\"(max-width: 705px) 100vw, 705px\" \/><\/div><\/li><li  class='avia-slideshow-slide av-kbj6i59s-567c18bc2356c55f34d4606a476fa767__5  slide-6 slide-even'><div data-rel='slideshow-2' class='avia-slide-wrap '   ><img decoding=\"async\" fetchpriority=\"high\" class=\"wp-image-1007 avia-img-lazy-loading-not-1007\"  src=\"https:\/\/lechneramsee.de\/wp-content\/uploads\/2020\/06\/music-1420229_1920-705x470.jpg\" width=\"705\" height=\"470\" title='music-1420229_1920' alt='Waldfest in Schliersee'  itemprop=\"thumbnailUrl\" srcset=\"https:\/\/lechneramsee.de\/wp-content\/uploads\/2020\/06\/music-1420229_1920-705x470.jpg 705w, https:\/\/lechneramsee.de\/wp-content\/uploads\/2020\/06\/music-1420229_1920-400x267.jpg 400w, https:\/\/lechneramsee.de\/wp-content\/uploads\/2020\/06\/music-1420229_1920-1500x1000.jpg 1500w, https:\/\/lechneramsee.de\/wp-content\/uploads\/2020\/06\/music-1420229_1920-768x512.jpg 768w, https:\/\/lechneramsee.de\/wp-content\/uploads\/2020\/06\/music-1420229_1920-1536x1024.jpg 1536w, https:\/\/lechneramsee.de\/wp-content\/uploads\/2020\/06\/music-1420229_1920.jpg 1920w\" sizes=\"(max-width: 705px) 100vw, 705px\" \/><\/div><\/li><\/ul><div class='avia-slideshow-arrows avia-slideshow-controls' ><a href='#prev' class='prev-slide  avia-svg-icon avia-font-svg_entypo-fontello' data-av_svg_icon='left-open-big' data-av_iconset='svg_entypo-fontello' tabindex='-1' title=\"Previous\"><svg version=\"1.1\" xmlns=\"http:\/\/www.w3.org\/2000\/svg\" width=\"15\" height=\"32\" viewBox=\"0 0 15 32\" preserveAspectRatio=\"xMidYMid meet\" aria-labelledby='av-svg-title-1' aria-describedby='av-svg-desc-1' role=\"graphics-symbol\" aria-hidden=\"true\">\n<title id='av-svg-title-1'>Previous<\/title>\n<desc id='av-svg-desc-1'>Previous<\/desc>\n<path d=\"M14.464 27.84q0.832 0.832 0 1.536-0.832 0.832-1.536 0l-12.544-12.608q-0.768-0.768 0-1.6l12.544-12.608q0.704-0.832 1.536 0 0.832 0.704 0 1.536l-11.456 11.904z\"><\/path>\n<\/svg><span class='avia_hidden_link_text'>Previous<\/span><\/a><a href='#next' class='next-slide  avia-svg-icon avia-font-svg_entypo-fontello' data-av_svg_icon='right-open-big' data-av_iconset='svg_entypo-fontello' tabindex='-1' title=\"Next\"><svg version=\"1.1\" xmlns=\"http:\/\/www.w3.org\/2000\/svg\" width=\"15\" height=\"32\" viewBox=\"0 0 15 32\" preserveAspectRatio=\"xMidYMid meet\" aria-labelledby='av-svg-title-2' aria-describedby='av-svg-desc-2' role=\"graphics-symbol\" aria-hidden=\"true\">\n<title id='av-svg-title-2'>Next<\/title>\n<desc id='av-svg-desc-2'>Next<\/desc>\n<path d=\"M0.416 27.84l11.456-11.84-11.456-11.904q-0.832-0.832 0-1.536 0.832-0.832 1.536 0l12.544 12.608q0.768 0.832 0 1.6l-12.544 12.608q-0.704 0.832-1.536 0-0.832-0.704 0-1.536z\"><\/path>\n<\/svg><span class='avia_hidden_link_text'>Next<\/span><\/a><\/div><div class='avia-slideshow-dots avia-slideshow-controls'><a href='#1' class='goto-slide active' >1<\/a><a href='#2' class='goto-slide ' >2<\/a><a href='#3' class='goto-slide ' >3<\/a><a href='#4' class='goto-slide ' >4<\/a><a href='#5' class='goto-slide ' >5<\/a><a href='#6' class='goto-slide ' >6<\/a><\/div><\/div><\/div>\n<style type=\"text\/css\" data-created_by=\"avia_inline_auto\" id=\"style-css-av-kbrrsqbv-1f713447e28b69a6eb638b9deafa4cd2\">\n#top .hr.hr-invisible.av-kbrrsqbv-1f713447e28b69a6eb638b9deafa4cd2{\nheight:30px;\n}\n<\/style>\n<div  class='hr av-kbrrsqbv-1f713447e28b69a6eb638b9deafa4cd2 hr-invisible  avia-builder-el-14  el_after_av_one_half  el_before_av_one_fourth '><span class='hr-inner '><span class=\"hr-inner-style\"><\/span><\/span><\/div>\n<div class='flex_column_table av-78bf9e-1ed69c56d764b07246a5bcd7ea41daee sc-av_one_fourth av-equal-height-column-flextable'>\n<style type=\"text\/css\" data-created_by=\"avia_inline_auto\" id=\"style-css-av-78bf9e-1ed69c56d764b07246a5bcd7ea41daee\">\n@keyframes av_boxShadowEffect_av-78bf9e-1ed69c56d764b07246a5bcd7ea41daee-row {\n0%   { box-shadow:  0 0 0 0 ; opacity: 1; }\n100% { box-shadow:  0 0 10px 0 ; opacity: 1; }\n}\n.flex_column.av-78bf9e-1ed69c56d764b07246a5bcd7ea41daee{\nborder-radius:0px 0px 0px 0px;\npadding:20px 20px 20px 20px;\nbackground:url(https:\/\/lechneramsee.de\/wp-content\/uploads\/2020\/05\/textur-sand-heller-400x359.jpg) 0% 0% repeat scroll #f9e2c1;\n}\n<\/style>\n<div  class='flex_column av-78bf9e-1ed69c56d764b07246a5bcd7ea41daee av_one_fourth  avia-builder-el-15  el_after_av_hr  el_before_av_three_fourth  first no_margin flex_column_table_cell av-equal-height-column av-align-middle  '     ><style type=\"text\/css\" data-created_by=\"avia_inline_auto\" id=\"style-css-av-kbrpqp23-355e1518ddcad16e53d0fbadb6a62ebb\">\n.avia-image-container.av-kbrpqp23-355e1518ddcad16e53d0fbadb6a62ebb img.avia_image{\nbox-shadow:none;\n}\n.avia-image-container.av-kbrpqp23-355e1518ddcad16e53d0fbadb6a62ebb .av-image-caption-overlay-center{\ncolor:#ffffff;\n}\n<\/style>\n<div  class='avia-image-container av-kbrpqp23-355e1518ddcad16e53d0fbadb6a62ebb av-styling- av-img-linked avia-align-center  avia-builder-el-16  avia-builder-el-no-sibling '   itemprop=\"image\" itemscope=\"itemscope\" itemtype=\"https:\/\/schema.org\/ImageObject\" ><div class=\"avia-image-container-inner\"><div class=\"avia-image-overlay-wrap\"><a href=\"https:\/\/www.wasmeier.de\" class='avia_image '  target=\"_blank\"  rel=\"noopener noreferrer\" aria-label='Fireworks'><img decoding=\"async\" fetchpriority=\"high\" class='wp-image-1005 avia-img-lazy-loading-not-1005 avia_image ' src=\"https:\/\/lechneramsee.de\/wp-content\/uploads\/2020\/06\/rocket-461750_1920-400x400.jpg\" alt='Lechner am See Cottage-Suite Bedroom' title='Fireworks'  height=\"400\" width=\"400\"  itemprop=\"thumbnailUrl\" srcset=\"https:\/\/lechneramsee.de\/wp-content\/uploads\/2020\/06\/rocket-461750_1920-400x400.jpg 400w, https:\/\/lechneramsee.de\/wp-content\/uploads\/2020\/06\/rocket-461750_1920-80x80.jpg 80w, https:\/\/lechneramsee.de\/wp-content\/uploads\/2020\/06\/rocket-461750_1920-768x768.jpg 768w, https:\/\/lechneramsee.de\/wp-content\/uploads\/2020\/06\/rocket-461750_1920-36x36.jpg 36w, https:\/\/lechneramsee.de\/wp-content\/uploads\/2020\/06\/rocket-461750_1920-180x180.jpg 180w, https:\/\/lechneramsee.de\/wp-content\/uploads\/2020\/06\/rocket-461750_1920-705x705.jpg 705w, https:\/\/lechneramsee.de\/wp-content\/uploads\/2020\/06\/rocket-461750_1920.jpg 1280w\" sizes=\"(max-width: 400px) 100vw, 400px\" \/><\/a><\/div><\/div><\/div><\/div>\n<style type=\"text\/css\" data-created_by=\"avia_inline_auto\" id=\"style-css-av-78bf9e-e948f7a4d73c06e7f19d0b7e60636973\">\n.flex_column.av-78bf9e-e948f7a4d73c06e7f19d0b7e60636973{\nborder-radius:0px 0px 0px 0px;\npadding:20px 20px 20px 20px;\nbackground:url(https:\/\/lechneramsee.de\/wp-content\/uploads\/2020\/05\/textur-sand-heller-400x359.jpg) 0% 0% repeat scroll #f9e2c1;\n}\n<\/style>\n<div  class='flex_column av-78bf9e-e948f7a4d73c06e7f19d0b7e60636973 av_three_fourth  avia-builder-el-17  el_after_av_one_fourth  avia-builder-el-last  no_margin flex_column_table_cell av-equal-height-column av-align-middle  '     ><section  class='av_textblock_section av-8eehp6-b4526a53004e0d41b9ec587804af1014 '   itemscope=\"itemscope\" itemtype=\"https:\/\/schema.org\/CreativeWork\" ><div class='avia_textblock'  itemprop=\"text\" ><h1 data-ident=\"event_802\">Calendar of events<\/h1>\n<p>On the pages of the &#8220;Alpenregion Tegernsee Schliersee&#8221; website you will find all the events, whether sporty or cultural, traditional or modern. There is always something going on&#8230;<\/p>\n<\/div><\/section><br \/>\n<div  class='avia-button-wrap av-kbrqkjel-4c456479720a99e45f61b2ca86dbd969-wrap avia-button-right  avia-builder-el-19  el_after_av_textblock  avia-builder-el-last '><a href='https:\/\/www.tegernsee-schliersee.de\/veranstaltungskalender'  class='avia-button av-kbrqkjel-4c456479720a99e45f61b2ca86dbd969 av-link-btn avia-icon_select-no avia-size-small avia-position-right avia-color-theme-color'  target=\"_blank\"  rel=\"noopener noreferrer\" title=\"Zur Webseite\" aria-label=\"Zur Webseite\"><span class='avia_iconbox_title' >Calendar of events<\/span><\/a><\/div><\/p><\/div><\/div><!--close column table wrapper. Autoclose: 1 -->\n","protected":false},"excerpt":{"rendered":"","protected":false},"author":1,"featured_media":0,"parent":0,"menu_order":0,"comment_status":"open","ping_status":"open","template":"","meta":{"footnotes":""},"class_list":["post-1169","page","type-page","status-publish","hentry"],"_links":{"self":[{"href":"https:\/\/lechneramsee.de\/en\/wp-json\/wp\/v2\/pages\/1169","targetHints":{"allow":["GET"]}}],"collection":[{"href":"https:\/\/lechneramsee.de\/en\/wp-json\/wp\/v2\/pages"}],"about":[{"href":"https:\/\/lechneramsee.de\/en\/wp-json\/wp\/v2\/types\/page"}],"author":[{"embeddable":true,"href":"https:\/\/lechneramsee.de\/en\/wp-json\/wp\/v2\/users\/1"}],"replies":[{"embeddable":true,"href":"https:\/\/lechneramsee.de\/en\/wp-json\/wp\/v2\/comments?post=1169"}],"version-history":[{"count":0,"href":"https:\/\/lechneramsee.de\/en\/wp-json\/wp\/v2\/pages\/1169\/revisions"}],"wp:attachment":[{"href":"https:\/\/lechneramsee.de\/en\/wp-json\/wp\/v2\/media?parent=1169"}],"curies":[{"name":"wp","href":"https:\/\/api.w.org\/{rel}","templated":true}]}}